{"id":4172,"date":"2019-11-07T16:23:18","date_gmt":"2019-11-07T15:23:18","guid":{"rendered":"https:\/\/www.chateau-cantenac.fr\/home\/"},"modified":"2023-01-16T10:28:13","modified_gmt":"2023-01-16T09:28:13","slug":"home","status":"publish","type":"page","link":"https:\/\/www.chateau-cantenac.fr\/en\/","title":{"rendered":"Home"},"content":{"rendered":"<p><div class=\"fusion-fullwidth fullwidth-box fusion-builder-row-1 hundred-percent-fullwidth non-hundred-percent-height-scrolling\" style=\"--awb-border-radius-top-left:0px;--awb-border-radius-top-right:0px;--awb-border-radius-bottom-right:0px;--awb-border-radius-bottom-left:0px;--awb-margin-top:0px;--awb-margin-bottom:0px;--awb-background-color:#b4a591;\" ><div class=\"fusion-builder-row fusion-row\"><div class=\"fusion-layout-column fusion_builder_column fusion-builder-column-0 fusion_builder_column_1_1 1_1 fusion-one-full fusion-column-first fusion-column-last\" style=\"--awb-bg-size:cover;\"><div class=\"fusion-column-wrapper fusion-column-has-shadow fusion-flex-column-wrapper-legacy\"><div class=\"fusion-clearfix\"><\/div><\/div><\/div><\/div><\/div><div class=\"fusion-fullwidth fullwidth-box fusion-builder-row-2 nonhundred-percent-fullwidth non-hundred-percent-height-scrolling fusion-equal-height-columns\" style=\"--awb-border-radius-top-left:0px;--awb-border-radius-top-right:0px;--awb-border-radius-bottom-right:0px;--awb-border-radius-bottom-left:0px;\" ><div class=\"fusion-builder-row fusion-row\"><div class=\"fusion-layout-column fusion_builder_column fusion-builder-column-1 fusion_builder_column_1_4 1_4 fusion-one-fourth fusion-column-first\" style=\"--awb-bg-size:cover;width:25%;width:calc(25% - ( ( 4% + 4% + 4% ) * 0.25 ) );margin-right: 4%;\"><div class=\"fusion-column-wrapper fusion-column-has-shadow fusion-flex-column-wrapper-legacy\"><div class=\"fusion-column-content-centered\"><div class=\"fusion-column-content\"><div class=\"fusion-sep-clear\"><\/div><div class=\"fusion-separator fusion-full-width-sep\" style=\"margin-left: auto;margin-right: auto;margin-top:20px;margin-bottom:20px;width:100%;\"><\/div><div class=\"fusion-sep-clear\"><\/div><div class=\"fusion-image-element fusion-image-align-center in-legacy-container\" style=\"text-align:center;\"><div class=\"imageframe-align-center\"><span class=\" fusion-imageframe imageframe-none imageframe-1 hover-type-zoomin\"><a class=\"fusion-no-lightbox\" href=\"https:\/\/www.chateau-cantenac.fr\/en\/wines\/chateau-cantenac\/\" target=\"_self\" aria-label=\"visuel-CANTENAC-accueil\"><img decoding=\"async\" width=\"128\" height=\"485\" src=\"data:image\/svg+xml,%3Csvg%20xmlns%3D%27http%3A%2F%2Fwww.w3.org%2F2000%2Fsvg%27%20width%3D%27128%27%20height%3D%27485%27%20viewBox%3D%270%200%20128%20485%27%3E%3Crect%20width%3D%27128%27%20height%3D%27485%27%20fill-opacity%3D%220%22%2F%3E%3C%2Fsvg%3E\" data-orig-src=\"https:\/\/www.chateau-cantenac.fr\/wp-content\/uploads\/2020\/11\/visuel-CANTENAC-accueil.png\" alt class=\"lazyload img-responsive wp-image-4781\"\/><\/a><\/span><\/div><\/div><div class=\"fusion-image-element fusion-image-align-center in-legacy-container\" style=\"text-align:center;\"><div class=\"imageframe-align-center\"><span class=\" fusion-imageframe imageframe-none imageframe-2 hover-type-none\"><a class=\"fusion-no-lightbox\" href=\"https:\/\/www.chateau-cantenac.fr\/en\/wines\/chateau-cantenac\/\" target=\"_self\"><img decoding=\"async\" width=\"240\" height=\"120\" src=\"https:\/\/www.chateau-cantenac.fr\/wp-content\/uploads\/2019\/04\/logo-Cantenac-accueil.png\" data-orig-src=\"https:\/\/www.chateau-cantenac.fr\/wp-content\/uploads\/2019\/04\/logo-Cantenac-accueil.png\" alt class=\"lazyload img-responsive wp-image-4114\" srcset=\"data:image\/svg+xml,%3Csvg%20xmlns%3D%27http%3A%2F%2Fwww.w3.org%2F2000%2Fsvg%27%20width%3D%27240%27%20height%3D%27120%27%20viewBox%3D%270%200%20240%20120%27%3E%3Crect%20width%3D%27240%27%20height%3D%27120%27%20fill-opacity%3D%220%22%2F%3E%3C%2Fsvg%3E\" data-srcset=\"https:\/\/www.chateau-cantenac.fr\/wp-content\/uploads\/2019\/04\/logo-Cantenac-accueil-200x100.png 200w, https:\/\/www.chateau-cantenac.fr\/wp-content\/uploads\/2019\/04\/logo-Cantenac-accueil.png 240w\" data-sizes=\"auto\" data-orig-sizes=\"(max-width: 800px) 100vw, 240px\" \/><\/a><\/span><\/div><\/div><\/div><\/div><div class=\"fusion-clearfix\"><\/div><\/div><\/div><div class=\"fusion-layout-column fusion_builder_column fusion-builder-column-2 fusion_builder_column_1_4 1_4 fusion-one-fourth\" style=\"--awb-bg-size:cover;width:25%;width:calc(25% - ( ( 4% + 4% + 4% ) * 0.25 ) );margin-right: 4%;\"><div class=\"fusion-column-wrapper fusion-column-has-shadow fusion-flex-column-wrapper-legacy\"><div class=\"fusion-column-content-centered\"><div class=\"fusion-column-content\"><div class=\"fusion-sep-clear\"><\/div><div class=\"fusion-separator fusion-full-width-sep\" style=\"margin-left: auto;margin-right: auto;margin-top:20px;margin-bottom:20px;width:100%;\"><\/div><div class=\"fusion-sep-clear\"><\/div><div class=\"fusion-image-element fusion-image-align-center in-legacy-container\" style=\"text-align:center;\"><div class=\"imageframe-align-center\"><span class=\" fusion-imageframe imageframe-none imageframe-3 hover-type-zoomin\"><a class=\"fusion-no-lightbox\" href=\"https:\/\/www.chateau-cantenac.fr\/en\/wines\/chateau-cantenac-climat\/\" target=\"_self\" aria-label=\"visuel-CLIMAT-accueil\"><img decoding=\"async\" width=\"128\" height=\"485\" src=\"data:image\/svg+xml,%3Csvg%20xmlns%3D%27http%3A%2F%2Fwww.w3.org%2F2000%2Fsvg%27%20width%3D%27128%27%20height%3D%27485%27%20viewBox%3D%270%200%20128%20485%27%3E%3Crect%20width%3D%27128%27%20height%3D%27485%27%20fill-opacity%3D%220%22%2F%3E%3C%2Fsvg%3E\" data-orig-src=\"https:\/\/www.chateau-cantenac.fr\/wp-content\/uploads\/2020\/11\/visuel-CLIMAT-accueil.png\" alt class=\"lazyload img-responsive wp-image-4783\"\/><\/a><\/span><\/div><\/div><div class=\"fusion-image-element fusion-image-align-center in-legacy-container\" style=\"text-align:center;\"><div class=\"imageframe-align-center\"><span class=\" fusion-imageframe imageframe-none imageframe-4 hover-type-none\"><a class=\"fusion-no-lightbox\" href=\"https:\/\/www.chateau-cantenac.fr\/en\/wines\/chateau-cantenac-climat\/\" target=\"_self\"><img decoding=\"async\" width=\"240\" height=\"120\" src=\"https:\/\/www.chateau-cantenac.fr\/wp-content\/uploads\/2019\/04\/logo-Climat-accueil.png\" data-orig-src=\"https:\/\/www.chateau-cantenac.fr\/wp-content\/uploads\/2019\/04\/logo-Climat-accueil.png\" alt class=\"lazyload img-responsive wp-image-4115\" srcset=\"data:image\/svg+xml,%3Csvg%20xmlns%3D%27http%3A%2F%2Fwww.w3.org%2F2000%2Fsvg%27%20width%3D%27240%27%20height%3D%27120%27%20viewBox%3D%270%200%20240%20120%27%3E%3Crect%20width%3D%27240%27%20height%3D%27120%27%20fill-opacity%3D%220%22%2F%3E%3C%2Fsvg%3E\" data-srcset=\"https:\/\/www.chateau-cantenac.fr\/wp-content\/uploads\/2019\/04\/logo-Climat-accueil-200x100.png 200w, https:\/\/www.chateau-cantenac.fr\/wp-content\/uploads\/2019\/04\/logo-Climat-accueil.png 240w\" data-sizes=\"auto\" data-orig-sizes=\"(max-width: 800px) 100vw, 240px\" \/><\/a><\/span><\/div><\/div><\/div><\/div><div class=\"fusion-clearfix\"><\/div><\/div><\/div><div class=\"fusion-layout-column fusion_builder_column fusion-builder-column-3 fusion_builder_column_1_4 1_4 fusion-one-fourth\" style=\"--awb-bg-size:cover;width:25%;width:calc(25% - ( ( 4% + 4% + 4% ) * 0.25 ) );margin-right: 4%;\"><div class=\"fusion-column-wrapper fusion-column-has-shadow fusion-flex-column-wrapper-legacy\"><div class=\"fusion-column-content-centered\"><div class=\"fusion-column-content\"><div class=\"fusion-sep-clear\"><\/div><div class=\"fusion-separator fusion-full-width-sep\" style=\"margin-left: auto;margin-right: auto;margin-top:20px;margin-bottom:20px;width:100%;\"><\/div><div class=\"fusion-sep-clear\"><\/div><div class=\"fusion-image-element fusion-image-align-center in-legacy-container\" style=\"text-align:center;\"><div class=\"imageframe-align-center\"><span class=\" fusion-imageframe imageframe-none imageframe-5 hover-type-zoomin\"><a class=\"fusion-no-lightbox\" href=\"https:\/\/www.chateau-cantenac.fr\/en\/wines\/chateau-cantenac-selection-madame\/\" target=\"_self\" aria-label=\"visuel-selection-MME-accueil\"><img decoding=\"async\" width=\"128\" height=\"485\" src=\"data:image\/svg+xml,%3Csvg%20xmlns%3D%27http%3A%2F%2Fwww.w3.org%2F2000%2Fsvg%27%20width%3D%27128%27%20height%3D%27485%27%20viewBox%3D%270%200%20128%20485%27%3E%3Crect%20width%3D%27128%27%20height%3D%27485%27%20fill-opacity%3D%220%22%2F%3E%3C%2Fsvg%3E\" data-orig-src=\"https:\/\/www.chateau-cantenac.fr\/wp-content\/uploads\/2020\/11\/visuel-selection-MME-accueil.png\" alt class=\"lazyload img-responsive wp-image-4785\"\/><\/a><\/span><\/div><\/div><div class=\"fusion-image-element fusion-image-align-center in-legacy-container\" style=\"text-align:center;\"><div class=\"imageframe-align-center\"><span class=\" fusion-imageframe imageframe-none imageframe-6 hover-type-none\"><a class=\"fusion-no-lightbox\" href=\"https:\/\/www.chateau-cantenac.fr\/en\/wines\/chateau-cantenac-selection-madame\/\" target=\"_self\"><img decoding=\"async\" width=\"240\" height=\"120\" src=\"https:\/\/www.chateau-cantenac.fr\/wp-content\/uploads\/2019\/04\/logo-selection-Madame-accueil.png\" data-orig-src=\"https:\/\/www.chateau-cantenac.fr\/wp-content\/uploads\/2019\/04\/logo-selection-Madame-accueil.png\" alt class=\"lazyload img-responsive wp-image-4116\" srcset=\"data:image\/svg+xml,%3Csvg%20xmlns%3D%27http%3A%2F%2Fwww.w3.org%2F2000%2Fsvg%27%20width%3D%27240%27%20height%3D%27120%27%20viewBox%3D%270%200%20240%20120%27%3E%3Crect%20width%3D%27240%27%20height%3D%27120%27%20fill-opacity%3D%220%22%2F%3E%3C%2Fsvg%3E\" data-srcset=\"https:\/\/www.chateau-cantenac.fr\/wp-content\/uploads\/2019\/04\/logo-selection-Madame-accueil-200x100.png 200w, https:\/\/www.chateau-cantenac.fr\/wp-content\/uploads\/2019\/04\/logo-selection-Madame-accueil.png 240w\" data-sizes=\"auto\" data-orig-sizes=\"(max-width: 800px) 100vw, 240px\" \/><\/a><\/span><\/div><\/div><\/div><\/div><div class=\"fusion-clearfix\"><\/div><\/div><\/div><div class=\"fusion-layout-column fusion_builder_column fusion-builder-column-4 fusion_builder_column_1_4 1_4 fusion-one-fourth fusion-column-last\" style=\"--awb-bg-size:cover;width:25%;width:calc(25% - ( ( 4% + 4% + 4% ) * 0.25 ) );\"><div class=\"fusion-column-wrapper fusion-column-has-shadow fusion-flex-column-wrapper-legacy\"><div class=\"fusion-column-content-centered\"><div class=\"fusion-column-content\"><div class=\"fusion-sep-clear\"><\/div><div class=\"fusion-separator fusion-full-width-sep\" style=\"margin-left: auto;margin-right: auto;margin-top:20px;margin-bottom:20px;width:100%;\"><\/div><div class=\"fusion-sep-clear\"><\/div><div class=\"fusion-image-element fusion-image-align-center in-legacy-container\" style=\"text-align:center;\"><div class=\"imageframe-align-center\"><span class=\" fusion-imageframe imageframe-none imageframe-7 hover-type-zoomin\"><a class=\"fusion-no-lightbox\" href=\"https:\/\/www.chateau-cantenac.fr\/en\/wines\/chateau-moulin-de-grenet\/\" target=\"_self\" aria-label=\"visuel-Moulin-GRENET-accueil\"><img decoding=\"async\" width=\"128\" height=\"485\" src=\"data:image\/svg+xml,%3Csvg%20xmlns%3D%27http%3A%2F%2Fwww.w3.org%2F2000%2Fsvg%27%20width%3D%27128%27%20height%3D%27485%27%20viewBox%3D%270%200%20128%20485%27%3E%3Crect%20width%3D%27128%27%20height%3D%27485%27%20fill-opacity%3D%220%22%2F%3E%3C%2Fsvg%3E\" data-orig-src=\"https:\/\/www.chateau-cantenac.fr\/wp-content\/uploads\/2020\/11\/visuel-Moulin-GRENET-accueil.png\" alt class=\"lazyload img-responsive wp-image-4787\"\/><\/a><\/span><\/div><\/div><div class=\"fusion-image-element fusion-image-align-center in-legacy-container\" style=\"text-align:center;\"><div class=\"imageframe-align-center\"><span class=\" fusion-imageframe imageframe-none imageframe-8 hover-type-none\"><a class=\"fusion-no-lightbox\" href=\"https:\/\/www.chateau-cantenac.fr\/en\/wines\/chateau-moulin-de-grenet\/\" target=\"_self\"><img decoding=\"async\" width=\"240\" height=\"120\" src=\"https:\/\/www.chateau-cantenac.fr\/wp-content\/uploads\/2019\/04\/logo-Moulin-de-Grenet-accueil.png\" data-orig-src=\"https:\/\/www.chateau-cantenac.fr\/wp-content\/uploads\/2019\/04\/logo-Moulin-de-Grenet-accueil.png\" alt class=\"lazyload img-responsive wp-image-4117\" srcset=\"data:image\/svg+xml,%3Csvg%20xmlns%3D%27http%3A%2F%2Fwww.w3.org%2F2000%2Fsvg%27%20width%3D%27240%27%20height%3D%27120%27%20viewBox%3D%270%200%20240%20120%27%3E%3Crect%20width%3D%27240%27%20height%3D%27120%27%20fill-opacity%3D%220%22%2F%3E%3C%2Fsvg%3E\" data-srcset=\"https:\/\/www.chateau-cantenac.fr\/wp-content\/uploads\/2019\/04\/logo-Moulin-de-Grenet-accueil-200x100.png 200w, https:\/\/www.chateau-cantenac.fr\/wp-content\/uploads\/2019\/04\/logo-Moulin-de-Grenet-accueil.png 240w\" data-sizes=\"auto\" data-orig-sizes=\"(max-width: 800px) 100vw, 240px\" \/><\/a><\/span><\/div><\/div><\/div><\/div><div class=\"fusion-clearfix\"><\/div><\/div><\/div><\/div><\/div><div class=\"fusion-fullwidth fullwidth-box fusion-builder-row-3 nonhundred-percent-fullwidth non-hundred-percent-height-scrolling\" style=\"--awb-border-radius-top-left:0px;--awb-border-radius-top-right:0px;--awb-border-radius-bottom-right:0px;--awb-border-radius-bottom-left:0px;\" ><div class=\"fusion-builder-row fusion-row\"><div class=\"fusion-layout-column fusion_builder_column fusion-builder-column-5 fusion_builder_column_1_1 1_1 fusion-one-full fusion-column-first fusion-column-last\" style=\"--awb-bg-size:cover;\"><div class=\"fusion-column-wrapper fusion-column-has-shadow fusion-flex-column-wrapper-legacy\"><div class=\"fusion-title title fusion-title-1 fusion-sep-none fusion-title-center fusion-title-text fusion-title-size-one\"><h1 class=\"title-heading-center\" style=\"margin:0;\"><a href=\"https:\/\/www.chateau-cantenac.fr\/en\/news\/\">News<\/a><\/h1><\/div><div class=\"fusion-recent-posts fusion-recent-posts-1 avada-container layout-default layout-columns-4\"><section class=\"fusion-columns columns fusion-columns-4 columns-4\"><article class=\"post fusion-column column col col-lg-3 col-md-3 col-sm-3\"><div class=\"recent-posts-content\"><span class=\"vcard\" style=\"display: none;\"><span class=\"fn\"><a href=\"https:\/\/www.chateau-cantenac.fr\/en\/author\/admin\/\" title=\"Posts by Johan Roskam\" rel=\"author\">Johan Roskam<\/a><\/span><\/span><span class=\"updated\" style=\"display:none;\">2026-04-09T11:15:15+02:00<\/span><h4 class=\"entry-title\"><a href=\"https:\/\/www.chateau-cantenac.fr\/en\/2026\/04\/09\/rdv-1-2-3-mai-2026-journee-portes-ouvertes-chateau-cantenac-et-saint-emilion\/\">Rdv 1-2-3 Mai 2026 : Journ\u00e9e Portes Ouvertes Ch\u00e2teau Cantenac et Saint-Emilion !<\/a><\/h4><p class=\"meta\"><span class=\"vcard\" style=\"display: none;\"><span class=\"fn\"><a href=\"https:\/\/www.chateau-cantenac.fr\/en\/author\/admin\/\" title=\"Posts by Johan Roskam\" rel=\"author\">Johan Roskam<\/a><\/span><\/span><span class=\"updated\" style=\"display:none;\">2026-04-09T11:15:15+02:00<\/span><span>Thursday 9 April 2026<\/span><span class=\"fusion-inline-sep\">|<\/span><\/p><p>1-2-3 Mai 2026 : Journ\u00e9e Portes Ouvertes Ch\u00e2teau Cantenac et Saint-Emilion ! Animations de 10h \u00e0 19h D\u00e9gustations Gratuites : les derniers mill\u00e9simes \u00e0 d\u00e9couvrir -&gt; rouge, blanc, ros\u00e9 Les [...]<\/p><\/div><\/article><article class=\"post fusion-column column col col-lg-3 col-md-3 col-sm-3\"><div class=\"recent-posts-content\"><span class=\"vcard\" style=\"display: none;\"><span class=\"fn\"><a href=\"https:\/\/www.chateau-cantenac.fr\/en\/author\/admin\/\" title=\"Posts by Johan Roskam\" rel=\"author\">Johan Roskam<\/a><\/span><\/span><span class=\"updated\" style=\"display:none;\">2026-04-09T10:41:57+02:00<\/span><h4 class=\"entry-title\"><a href=\"https:\/\/www.chateau-cantenac.fr\/en\/2026\/04\/09\/lien-la-lettre-feret-n12-decembre-2025-millesime-2025-de-belles-promesses\/\">Lien : La Lettre F\u00e9ret n\u00b012 &#8211; d\u00e9cembre 2025 Mill\u00e9sime 2025, de belles promesses\u2026<\/a><\/h4><p class=\"meta\"><span class=\"vcard\" style=\"display: none;\"><span class=\"fn\"><a href=\"https:\/\/www.chateau-cantenac.fr\/en\/author\/admin\/\" title=\"Posts by Johan Roskam\" rel=\"author\">Johan Roskam<\/a><\/span><\/span><span class=\"updated\" style=\"display:none;\">2026-04-09T10:41:57+02:00<\/span><span>Thursday 9 April 2026<\/span><span class=\"fusion-inline-sep\">|<\/span><\/p><p>Retour sur le mill\u00e9sime 2025, avant le d\u00e9but de campagne des Primeurs. Mill\u00e9sime 2025, de belles promesses\u2026 Lien :\u00a0Mill\u00e9sime 2025, de belles promesses\u2026\u00a03 d\u00e9cembre 2025 L\u2019\u00e9t\u00e9 br\u00fblant et les pluies [...]<\/p><\/div><\/article><article class=\"post fusion-column column col col-lg-3 col-md-3 col-sm-3\"><div class=\"recent-posts-content\"><span class=\"vcard\" style=\"display: none;\"><span class=\"fn\"><a href=\"https:\/\/www.chateau-cantenac.fr\/en\/author\/admin\/\" title=\"Posts by Johan Roskam\" rel=\"author\">Johan Roskam<\/a><\/span><\/span><span class=\"updated\" style=\"display:none;\">2025-10-31T15:02:16+01:00<\/span><h4 class=\"entry-title\"><a href=\"https:\/\/www.chateau-cantenac.fr\/en\/2025\/10\/31\/salon-des-vignerons-de-st-emilion-a-bordeaux-les-29-30-novembre\/\">Salon des Vignerons de St-\u00c9milion \u00e0 Bordeaux les 29 &#038; 30 Novembre<\/a><\/h4><p class=\"meta\"><span class=\"vcard\" style=\"display: none;\"><span class=\"fn\"><a href=\"https:\/\/www.chateau-cantenac.fr\/en\/author\/admin\/\" title=\"Posts by Johan Roskam\" rel=\"author\">Johan Roskam<\/a><\/span><\/span><span class=\"updated\" style=\"display:none;\">2025-10-31T15:02:16+01:00<\/span><span>Friday 31 October 2025<\/span><span class=\"fusion-inline-sep\">|<\/span><\/p><p>Les vignerons de Saint-\u00c9milion d\u00e9barquent \u00e0 Bordeaux les 29 &amp; 30 novembre au Hangar 14. Ch\u00e2teau Cantenac y sera pr\u00e9sent pour vous y faire d\u00e9couvrir ses :\u00a0 Ch\u00e2teau Cantenac 2020 [...]<\/p><\/div><\/article><article class=\"post fusion-column column col col-lg-3 col-md-3 col-sm-3\"><div class=\"recent-posts-content\"><span class=\"vcard\" style=\"display: none;\"><span class=\"fn\"><a href=\"https:\/\/www.chateau-cantenac.fr\/en\/author\/admin\/\" title=\"Posts by Johan Roskam\" rel=\"author\">Johan Roskam<\/a><\/span><\/span><span class=\"updated\" style=\"display:none;\">2025-10-21T16:18:27+02:00<\/span><h4 class=\"entry-title\"><a href=\"https:\/\/www.chateau-cantenac.fr\/en\/2025\/10\/21\/rsvp-24-octobre-degustation-chateau-cantenac-a-lamour-du-vin-gradignan-33\/\">RSVP 24 Octobre : D\u00e9gustation Ch\u00e2teau Cantenac \u00e0 L&#8217;Amour du Vin Gradignan (33)<\/a><\/h4><p class=\"meta\"><span class=\"vcard\" style=\"display: none;\"><span class=\"fn\"><a href=\"https:\/\/www.chateau-cantenac.fr\/en\/author\/admin\/\" title=\"Posts by Johan Roskam\" rel=\"author\">Johan Roskam<\/a><\/span><\/span><span class=\"updated\" style=\"display:none;\">2025-10-21T16:18:27+02:00<\/span><span>Tuesday 21 October 2025<\/span><span class=\"fusion-inline-sep\">|<\/span><\/p><p>D\u00e9gustation du Ch\u00e2teau Cantenac \u00e0 L'Amour du Vin \u00e0 Gradignan (33) Date : 24 Octobre \u00e0 partir de 18h00 \u00e0 20h00 Adresse : 124 rte L\u00e9ognan, 33170 Gradignan\u00a0 D\u00e9gustation : [...]<\/p><\/div><\/article><\/section><\/div><div class=\"fusion-aligncenter\"><a class=\"fusion-button button-flat fusion-button-default-size button-default fusion-button-default button-1 fusion-button-default-span fusion-button-default-type\" target=\"_self\" href=\"https:\/\/www.chateau-cantenac.fr\/en\/news\/\"><span class=\"fusion-button-text\">All the news<\/span><\/a><\/div><div class=\"fusion-sep-clear\"><\/div><div class=\"fusion-separator fusion-full-width-sep\" style=\"margin-left: auto;margin-right: auto;margin-top:20px;margin-bottom:20px;width:100%;\"><\/div><div class=\"fusion-sep-clear\"><\/div><div class=\"fusion-clearfix\"><\/div><\/div><\/div><\/div><\/div><div class=\"fusion-fullwidth fullwidth-box fusion-builder-row-4 fusion-flex-container has-pattern-background has-mask-background nonhundred-percent-fullwidth non-hundred-percent-height-scrolling\" style=\"--awb-border-radius-top-left:0px;--awb-border-radius-top-right:0px;--awb-border-radius-bottom-right:0px;--awb-border-radius-bottom-left:0px;\" ><div class=\"fusion-builder-row fusion-row fusion-flex-align-items-stretch fusion-flex-justify-content-center\" style=\"max-width:1144px;margin-left: calc(-4% \/ 2 );margin-right: calc(-4% \/ 2 );\"><div class=\"fusion-layout-column fusion_builder_column fusion-builder-column-6 fusion_builder_column_1_2 1_2 fusion-flex-column fusion-column-inner-bg-wrapper\" style=\"--awb-inner-bg-color:#b4a591;--awb-inner-bg-size:cover;--awb-width-large:50%;--awb-spacing-right-large:3.84%;--awb-spacing-left-large:3.84%;--awb-width-medium:100%;--awb-order-medium:0;--awb-spacing-right-medium:1.92%;--awb-spacing-left-medium:1.92%;--awb-width-small:100%;--awb-order-small:0;--awb-spacing-right-small:1.92%;--awb-spacing-left-small:1.92%;\"><span class=\"fusion-column-inner-bg hover-type-none\"><a class=\"fusion-column-anchor\" href=\"https:\/\/www.chateau-cantenac.fr\/en\/order\/\"><span class=\"fusion-column-inner-bg-image\"><\/span><\/a><\/span><div class=\"fusion-column-wrapper fusion-column-has-shadow fusion-flex-justify-content-flex-start fusion-content-layout-column\"><div class=\"fusion-image-element \" style=\"text-align:center;\"><span class=\" fusion-imageframe imageframe-none imageframe-9 hover-type-none\"><img decoding=\"async\" width=\"950\" height=\"633\" src=\"https:\/\/www.chateau-cantenac.fr\/wp-content\/uploads\/2019\/04\/bouteilles-commander-accueil.jpg\" data-orig-src=\"https:\/\/www.chateau-cantenac.fr\/wp-content\/uploads\/2019\/04\/bouteilles-commander-accueil.jpg\" alt class=\"lazyload img-responsive wp-image-4098\" srcset=\"data:image\/svg+xml,%3Csvg%20xmlns%3D%27http%3A%2F%2Fwww.w3.org%2F2000%2Fsvg%27%20width%3D%27950%27%20height%3D%27633%27%20viewBox%3D%270%200%20950%20633%27%3E%3Crect%20width%3D%27950%27%20height%3D%27633%27%20fill-opacity%3D%220%22%2F%3E%3C%2Fsvg%3E\" data-srcset=\"https:\/\/www.chateau-cantenac.fr\/wp-content\/uploads\/2019\/04\/bouteilles-commander-accueil-200x133.jpg 200w, https:\/\/www.chateau-cantenac.fr\/wp-content\/uploads\/2019\/04\/bouteilles-commander-accueil-400x267.jpg 400w, https:\/\/www.chateau-cantenac.fr\/wp-content\/uploads\/2019\/04\/bouteilles-commander-accueil-600x400.jpg 600w, https:\/\/www.chateau-cantenac.fr\/wp-content\/uploads\/2019\/04\/bouteilles-commander-accueil-800x533.jpg 800w, https:\/\/www.chateau-cantenac.fr\/wp-content\/uploads\/2019\/04\/bouteilles-commander-accueil.jpg 950w\" data-sizes=\"auto\" data-orig-sizes=\"(max-width: 1024px) 100vw, (max-width: 640px) 100vw, 600px\" \/><\/span><\/div><div class=\"fusion-title title fusion-title-2 fusion-sep-none fusion-title-center fusion-title-text fusion-title-size-two\" style=\"--awb-text-color:#ffffff;--awb-margin-top:15px;--awb-margin-bottom:0px;\"><h2 class=\"title-heading-center\" style=\"margin:0;\">Order<\/h2><\/div><div class=\"fusion-text fusion-text-1\" style=\"--awb-text-color:#ffffff;\"><p style=\"text-align: center;\">Discover &amp; enjoy our wines at home!<\/p>\n<\/div><\/div><\/div><div class=\"fusion-layout-column fusion_builder_column fusion-builder-column-7 fusion_builder_column_1_2 1_2 fusion-flex-column fusion-column-inner-bg-wrapper\" style=\"--awb-inner-bg-color:#b4a591;--awb-inner-bg-size:cover;--awb-width-large:50%;--awb-spacing-right-large:3.84%;--awb-spacing-left-large:3.84%;--awb-width-medium:100%;--awb-order-medium:0;--awb-spacing-right-medium:1.92%;--awb-spacing-left-medium:1.92%;--awb-width-small:100%;--awb-order-small:0;--awb-spacing-right-small:1.92%;--awb-spacing-left-small:1.92%;\"><span class=\"fusion-column-inner-bg hover-type-none\"><a class=\"fusion-column-anchor\" href=\"https:\/\/www.chateau-cantenac.fr\/en\/visit-us\/\"><span class=\"fusion-column-inner-bg-image\"><\/span><\/a><\/span><div class=\"fusion-column-wrapper fusion-column-has-shadow fusion-flex-justify-content-flex-start fusion-content-layout-column\"><div class=\"fusion-image-element \" style=\"text-align:center;\"><span class=\" fusion-imageframe imageframe-none imageframe-10 hover-type-none\"><img decoding=\"async\" width=\"600\" height=\"400\" src=\"https:\/\/www.chateau-cantenac.fr\/wp-content\/uploads\/2019\/04\/visuel-visiter-accueil-1.jpg\" data-orig-src=\"https:\/\/www.chateau-cantenac.fr\/wp-content\/uploads\/2019\/04\/visuel-visiter-accueil-1.jpg\" alt class=\"lazyload img-responsive wp-image-4138\" srcset=\"data:image\/svg+xml,%3Csvg%20xmlns%3D%27http%3A%2F%2Fwww.w3.org%2F2000%2Fsvg%27%20width%3D%27600%27%20height%3D%27400%27%20viewBox%3D%270%200%20600%20400%27%3E%3Crect%20width%3D%27600%27%20height%3D%27400%27%20fill-opacity%3D%220%22%2F%3E%3C%2Fsvg%3E\" data-srcset=\"https:\/\/www.chateau-cantenac.fr\/wp-content\/uploads\/2019\/04\/visuel-visiter-accueil-1-200x133.jpg 200w, https:\/\/www.chateau-cantenac.fr\/wp-content\/uploads\/2019\/04\/visuel-visiter-accueil-1-400x267.jpg 400w, https:\/\/www.chateau-cantenac.fr\/wp-content\/uploads\/2019\/04\/visuel-visiter-accueil-1.jpg 600w\" data-sizes=\"auto\" data-orig-sizes=\"(max-width: 1024px) 100vw, (max-width: 640px) 100vw, 600px\" \/><\/span><\/div><div class=\"fusion-title title fusion-title-3 fusion-sep-none fusion-title-center fusion-title-text fusion-title-size-two\" style=\"--awb-text-color:#ffffff;--awb-margin-top:15px;--awb-margin-bottom:0px;\"><h2 class=\"title-heading-center\" style=\"margin:0;\">Visit us<\/h2><\/div><div class=\"fusion-text fusion-text-2\" style=\"--awb-text-color:#ffffff;\"><p style=\"text-align: center;\">A moment of discovery &amp; sharing at Ch\u00e2teau Cantenac<\/p>\n<\/div><\/div><\/div><\/div><\/div><\/p>\n","protected":false},"excerpt":{"rendered":"","protected":false},"author":6,"featured_media":0,"parent":0,"menu_order":0,"comment_status":"closed","ping_status":"closed","template":"100-width.php","meta":[],"aioseo_notices":[],"_links":{"self":[{"href":"https:\/\/www.chateau-cantenac.fr\/en\/wp-json\/wp\/v2\/pages\/4172"}],"collection":[{"href":"https:\/\/www.chateau-cantenac.fr\/en\/wp-json\/wp\/v2\/pages"}],"about":[{"href":"https:\/\/www.chateau-cantenac.fr\/en\/wp-json\/wp\/v2\/types\/page"}],"author":[{"embeddable":true,"href":"https:\/\/www.chateau-cantenac.fr\/en\/wp-json\/wp\/v2\/users\/6"}],"replies":[{"embeddable":true,"href":"https:\/\/www.chateau-cantenac.fr\/en\/wp-json\/wp\/v2\/comments?post=4172"}],"version-history":[{"count":0,"href":"https:\/\/www.chateau-cantenac.fr\/en\/wp-json\/wp\/v2\/pages\/4172\/revisions"}],"wp:attachment":[{"href":"https:\/\/www.chateau-cantenac.fr\/en\/wp-json\/wp\/v2\/media?parent=4172"}],"curies":[{"name":"wp","href":"https:\/\/api.w.org\/{rel}","templated":true}]}}